


{"id":1435,"date":"2016-05-18T12:03:45","date_gmt":"2016-05-18T10:03:45","guid":{"rendered":"https:\/\/www.alayreespanol.com\/en\/alayreespanol\/"},"modified":"2024-07-08T09:29:45","modified_gmt":"2024-07-08T07:29:45","slug":"alayreespanol","status":"publish","type":"page","link":"https:\/\/www.alayreespanol.com\/en\/alayreespanol","title":{"rendered":"Al Ayre Espa\u00f1ol"},"content":{"rendered":"<div class=\"wpb-content-wrapper\">[mk_page_section bg_image=&#8221;https:\/\/www.alayreespanol.com\/wp-content\/uploads\/2016\/06\/biografia-cabecera-ayre-espanol.jpg&#8221; attachment=&#8221;fixed&#8221; bg_position=&#8221;center top&#8221; bg_repeat=&#8221;no-repeat&#8221; bg_stretch=&#8221;true&#8221; enable_3d=&#8221;true&#8221; speed_factor=&#8221;0.5&#8243; min_height=&#8221;480&#8243; padding_top=&#8221;120&#8243; padding_bottom=&#8221;40&#8243; top_shape_color=&#8221;#ffffff&#8221; has_bottom_shape_divider=&#8221;true&#8221; bottom_shape_color=&#8221;#ffffff&#8221; bottom_shape_el_class=&#8221;alayre-dividerbottom&#8221; el_class=&#8221;alayre-dividerbottom&#8221; sidebar=&#8221;sidebar-1&#8243;][vc_column][mk_custom_box padding_vertical=&#8221;20&#8243; padding_horizental=&#8221;0&#8243; min_height=&#8221;230&#8243; animation=&#8221;bottom-to-top&#8221; background_hov_color_style=&#8221;image&#8221;][mk_fancy_title color=&#8221;#ffffff&#8221; size=&#8221;60&#8243; line_height=&#8221;96&#8243; font_weight=&#8221;300&#8243; font_style=&#8221;normal&#8221; letter_spacing=&#8221;30&#8243; margin_bottom=&#8221;0&#8243; font_family=&#8221;none&#8221; align=&#8221;center&#8221; animation=&#8221;bottom-to-top&#8221;]AL AYRE ESPA\u00d1OL[\/mk_fancy_title][mk_ornamental_title tag_name=&#8221;h3&#8243; text_color=&#8221;#ffffff&#8221; font_family=&#8221;none&#8221; font_size=&#8221;26&#8243; txt_transform=&#8221;uppercase&#8221; ornament_style=&#8221;lemo-single&#8221; nss_align=&#8221;center&#8221; el_class=&#8221;white&#8221;]Biography[\/mk_ornamental_title][\/mk_custom_box][\/vc_column][\/mk_page_section][mk_page_section bg_position=&#8221;center top&#8221; bg_repeat=&#8221;no-repeat&#8221; bg_stretch=&#8221;true&#8221; enable_3d=&#8221;true&#8221; speed_factor=&#8221;0.6&#8243; min_height=&#8221;200&#8243; padding_top=&#8221;0&#8243; padding_bottom=&#8221;0&#8243; sidebar=&#8221;sidebar-1&#8243;][vc_column width=&#8221;2\/3&#8243;][mk_padding_divider size=&#8221;60&#8243; visibility=&#8221;visible-dt&#8221;][mk_fancy_title tag_name=&#8221;h3&#8243; size=&#8221;56&#8243; line_height=&#8221;110&#8243; font_weight=&#8221;300&#8243; margin_bottom=&#8221;30&#8243; font_family=&#8221;Oswald&#8221; font_type=&#8221;google&#8221;]An ensemble specialised<br \/>\nin early music[\/mk_fancy_title][mk_ornamental_title tag_name=&#8221;h3&#8243; text_color=&#8221;#0d1216&#8243; font_family=&#8221;none&#8221; font_size=&#8221;20&#8243; txt_transform=&#8221;uppercase&#8221; ornament_style=&#8221;lemo-single&#8221;]The origins of Al Ayre Espa\u00f1ol[\/mk_ornamental_title][vc_row_inner][vc_column_inner][vc_column_text]Al Ayre Espa\u00f1ol was founded in 1988 by Eduardo L\u00f3pez Banzo, in an effort to challenge the pervading clich\u00e9s that often surrounded the performance of Spanish baroque music at that time. The name of the ensemble was inspired by the title of a guitar fugue by the Aragonese composer Gaspar Sanz. The fact that Al Ayre Espa\u00f1ol has not settled for becoming a specialised early music ensemble, but chosen instead to create a musical philosophy &#8220;al ayre espa\u00f1ol&#8221; (\u00e0 la espagnole), has allowed the project to be flexible enough to adapt itself to different formats.[\/vc_column_text][\/vc_column_inner][\/vc_row_inner][mk_ornamental_title tag_name=&#8221;h3&#8243; text_color=&#8221;#0d1216&#8243; font_family=&#8221;none&#8221; font_size=&#8221;20&#8243; txt_transform=&#8221;uppercase&#8221; ornament_style=&#8221;lemo-single&#8221;]An international reference[\/mk_ornamental_title][vc_row_inner][vc_column_inner][vc_column_text css=&#8221;.vc_custom_1684753145437{margin-bottom: 0px !important;}&#8221;]With 35 years of appearances in the top festivals and theaters in Europe, 19 years as a resident orchestra at the Auditorio de Zaragoza, 18 CD recordings, national and international awards (2004 Premio Nacional de M\u00fasica, among others) and distinctions, as well as a relentless schedule of international performances and events for the coming seasons, there is no doubt that the group from Aragon is one of the most prominent ensembles in Spain.[\/vc_column_text][\/vc_column_inner][\/vc_row_inner][vc_row_inner][vc_column_inner width=&#8221;1\/2&#8243;][vc_column_text]Throughout this quarter of a century Al Ayre Espa\u00f1ol has performed at the most prestigious concert halls: Amsterdam&#8217;s Concertgebouw, Vienna&#8217;s Musikverein and Konzerthaus, D\u00fcsseldorf&#8217;s Tonhalle, Berlin&#8217;s Konzerthaus and Philharmonie, the Th\u00e9\u00e2tre des Champs Elys\u00e9es and the Cit\u00e9 de la Musique in Paris, Madrid&#8217;s Teatro Real and Auditorio Nacional, Barcelona&#8217;s Palau de la Musica Catalana and Gran Teatre del Liceu, Hamburg&#8217;s Leiszhalle, Washington&#8217;s Library of Congress, the Palais des Beaux Arts in Brussels, Metz&#8217;s Arsenal, Lisbon&#8217;s Funda\u00e7\u00e3o Calouste Gulbenkian, Bilbao&#8217;s Palacio Euskalduna, Rome&#8217;s Teatro Olimpico, etc.[\/vc_column_text][\/vc_column_inner][vc_column_inner width=&#8221;1\/2&#8243;][vc_column_text]Al Ayre Espa\u00f1ol has also been invited to some of the most important festivals: Baden Baden Easter Festival, Bachfestspiele Leipzig, Oude Muziek Utrecht, Internationale Festtage Alter Musik Stuttgart, Schleswig-Holstein Musik Festival, Dresdner Musikfestpiele, Festival d&#8217;Ambronay, H\u00e4ndel Festspiele Halle, Oslo Church Music Festival, Praga Spring Festival, Monteverdi Festival (Cremona), Camino de Santiago International Festival, etc.[\/vc_column_text][vc_column_text]Al Ayre Espa\u00f1ol\u2019s recordings have been produced by labels such as Almaviva, Fidelio, Deutsche Harmonia Mundi, Harmonia Mundi France, Na\u00efve-Ambroisie and Challenge Records.[\/vc_column_text][\/vc_column_inner][\/vc_row_inner][mk_padding_divider size=&#8221;20&#8243;][\/vc_column][vc_column width=&#8221;1\/3&#8243;][mk_padding_divider size=&#8221;60&#8243; visibility=&#8221;visible-dt&#8221;][mk_image src=&#8221;https:\/\/www.alayreespanol.com\/wp-content\/uploads\/2016\/05\/biografia-ayre-espanol-movil.jpg&#8221; visibility=&#8221;hidden-dt&#8221; crop=&#8221;false&#8221;][mk_image src=&#8221;https:\/\/www.alayreespanol.com\/wp-content\/uploads\/2016\/06\/biografia-ayre-espanol.jpg&#8221; visibility=&#8221;visible-dt&#8221; crop=&#8221;false&#8221;][mk_fancy_title tag_name=&#8221;h4&#8243; color=&#8221;#3d404c&#8221; size=&#8221;36&#8243; line_height=&#8221;110&#8243; font_weight=&#8221;100&#8243; margin_bottom=&#8221;0&#8243; font_family=&#8221;Oswald&#8221; font_type=&#8221;google&#8221; animation=&#8221;bottom-to-top&#8221;]Spanish National Music Prize 2004.[\/mk_fancy_title][mk_divider style=&#8221;padding_space&#8221; margin_top=&#8221;0&#8243; margin_bottom=&#8221;5&#8243;][vc_column_text]Al Ayre Espa\u00f1ol is sponsored by Industrias Qu\u00edmicas del Ebro and the Ministry of Culture of Spain, and maintains a residence agreement with the Auditorio de Zaragoza.<\/p>\n<p><strong>The ensemble has been Zaragoza\u2019s ambassador since 2011.<\/strong>[\/vc_column_text][mk_social_networks size=&#8221;large&#8221; style=&#8221;square-pointed&#8221; border_color=&#8221;#999999&#8243; bg_hover_color=&#8221;#548cd7&#8243; icon_color=&#8221;#999999&#8243; icon_hover_color=&#8221;#ffffff&#8221; facebook=&#8221;https:\/\/www.facebook.com\/alayreespanol&#8221; twitter=&#8221;https:\/\/twitter.com\/AlAyreEspanol&#8221; instagram=&#8221;https:\/\/www.instagram.com\/alayreespanol\/&#8221; youtube=&#8221;https:\/\/www.youtube.com\/user\/alayreespanol&#8221; vimeo=&#8221;https:\/\/vimeo.com\/alayreespanolvideos&#8221;][\/vc_column][\/mk_page_section]\n<\/div>","protected":false},"excerpt":{"rendered":"<p>[mk_page_section bg_image=&#8221;https:\/\/www.alayreespanol.com\/wp-content\/uploads\/2016\/06\/biografia-cabecera-ayre-espanol.jpg&#8221; attachment=&#8221;fixed&#8221; bg_position=&#8221;center top&#8221; bg_repeat=&#8221;no-repeat&#8221; bg_stretch=&#8221;true&#8221; enable_3d=&#8221;true&#8221; speed_factor=&#8221;0.5&#8243; min_height=&#8221;480&#8243; padding_top=&#8221;120&#8243; padding_bottom=&#8221;40&#8243; top_shape_color=&#8221;#ffffff&#8221; has_bottom_shape_divider=&#8221;true&#8221; bottom_shape_color=&#8221;#ffffff&#8221; bottom_shape_el_class=&#8221;alayre-dividerbottom&#8221; el_class=&#8221;alayre-dividerbottom&#8221; sidebar=&#8221;sidebar-1&#8243;][vc_column][mk_custom_box padding_vertical=&#8221;20&#8243; padding_horizental=&#8221;0&#8243; min_height=&#8221;230&#8243; animation=&#8221;bottom-to-top&#8221; background_hov_color_style=&#8221;image&#8221;][mk_fancy_title color=&#8221;#ffffff&#8221; size=&#8221;60&#8243; line_height=&#8221;96&#8243; font_weight=&#8221;300&#8243; font_style=&#8221;normal&#8221; letter_spacing=&#8221;30&#8243; margin_bottom=&#8221;0&#8243; font_family=&#8221;none&#8221; align=&#8221;center&#8221; animation=&#8221;bottom-to-top&#8221;]AL AYRE ESPA\u00d1OL[\/mk_fancy_title][mk_ornamental_title tag_name=&#8221;h3&#8243; text_color=&#8221;#ffffff&#8221; font_family=&#8221;none&#8221; font_size=&#8221;26&#8243; txt_transform=&#8221;uppercase&#8221; ornament_style=&#8221;lemo-single&#8221; nss_align=&#8221;center&#8221; el_class=&#8221;white&#8221;]Biography[\/mk_ornamental_title][\/mk_custom_box][\/vc_column][\/mk_page_section][mk_page_section bg_position=&#8221;center top&#8221; bg_repeat=&#8221;no-repeat&#8221; bg_stretch=&#8221;true&#8221; enable_3d=&#8221;true&#8221; speed_factor=&#8221;0.6&#8243; min_height=&#8221;200&#8243; padding_top=&#8221;0&#8243; padding_bottom=&#8221;0&#8243; sidebar=&#8221;sidebar-1&#8243;][vc_column width=&#8221;2\/3&#8243;][mk_padding_divider size=&#8221;60&#8243; [&hellip;]<\/p>\n","protected":false},"author":2,"featured_media":0,"parent":0,"menu_order":20,"comment_status":"closed","ping_status":"closed","template":"","meta":{"_acf_changed":false,"footnotes":""},"class_list":["post-1435","page","type-page","status-publish","hentry"],"acf":[],"_links":{"self":[{"href":"https:\/\/www.alayreespanol.com\/en\/wp-json\/wp\/v2\/pages\/1435","targetHints":{"allow":["GET"]}}],"collection":[{"href":"https:\/\/www.alayreespanol.com\/en\/wp-json\/wp\/v2\/pages"}],"about":[{"href":"https:\/\/www.alayreespanol.com\/en\/wp-json\/wp\/v2\/types\/page"}],"author":[{"embeddable":true,"href":"https:\/\/www.alayreespanol.com\/en\/wp-json\/wp\/v2\/users\/2"}],"replies":[{"embeddable":true,"href":"https:\/\/www.alayreespanol.com\/en\/wp-json\/wp\/v2\/comments?post=1435"}],"version-history":[{"count":2,"href":"https:\/\/www.alayreespanol.com\/en\/wp-json\/wp\/v2\/pages\/1435\/revisions"}],"predecessor-version":[{"id":6363,"href":"https:\/\/www.alayreespanol.com\/en\/wp-json\/wp\/v2\/pages\/1435\/revisions\/6363"}],"wp:attachment":[{"href":"https:\/\/www.alayreespanol.com\/en\/wp-json\/wp\/v2\/media?parent=1435"}],"curies":[{"name":"wp","href":"https:\/\/api.w.org\/{rel}","templated":true}]}}